{"id":2,"date":"2022-02-24T11:53:47","date_gmt":"2022-02-24T10:53:47","guid":{"rendered":"https:\/\/patraszewski.pl\/?page_id=2"},"modified":"2025-09-17T11:40:19","modified_gmt":"2025-09-17T09:40:19","slug":"przykladowa-strona","status":"publish","type":"page","link":"https:\/\/patraszewski.pl\/","title":{"rendered":"O mnie"},"content":{"rendered":"\n<p><\/p>\n\n\n\n<blockquote class=\"wp-block-quote is-layout-flow wp-block-quote-is-layout-flow\">\n<p>Cze\u015b\u0107! Tutaj b\u0119d\u0105 si\u0119 ukazywa\u0142y informacje o mnie. Z powodu braku czasu na razie jest tu posto.<\/p>\n\n\n\n<p>Zagl\u0105dnij na moja stron\u0119 za jaki\u015b czas.<\/p>\n\n\n\n<p>Tutaj dodane zostan\u0105 linki do stron kt\u00f3re administruj\u0119.<\/p>\n\n\n\n<p><\/p>\n<\/blockquote>\n\n\n\n<p><a href=\"http:\/\/www.zespolsilver.com\">http:\/\/www.zespolsilver.com<\/a><\/p>\n\n\n\n<p><a href=\"http:\/\/jap.com.pl\" data-type=\"URL\" data-id=\"jap.com.pl\">http:\/\/jap.com.pl<\/a><\/p>\n\n\n\n<p><a href=\"http:\/\/japex.pl\">http:\/\/japex.pl<\/a><\/p>\n\n\n\n<p><a href=\"http:\/\/serwisagd.eu\">http:\/\/serwisagd.eu<\/a><\/p>\n\n\n\n<p><\/p>\n\n\n\n<p><\/p>\n","protected":false},"excerpt":{"rendered":"<p>Cze\u015b\u0107! Tutaj b\u0119d\u0105 si\u0119 ukazywa\u0142y informacje o mnie. Z powodu braku czasu na razie jest tu posto. Zagl\u0105dnij na moja stron\u0119 za jaki\u015b czas. Tutaj dodane zostan\u0105 linki do stron kt\u00f3re administruj\u0119. http:\/\/www.zespolsilver.com http:\/\/jap.com.pl http:\/\/japex.pl http:\/\/serwisagd.eu<\/p>\n","protected":false},"author":1,"featured_media":0,"parent":0,"menu_order":0,"comment_status":"closed","ping_status":"open","template":"","meta":{"footnotes":""},"class_list":["post-2","page","type-page","status-publish","hentry"],"_links":{"self":[{"href":"https:\/\/patraszewski.pl\/index.php?rest_route=\/wp\/v2\/pages\/2","targetHints":{"allow":["GET"]}}],"collection":[{"href":"https:\/\/patraszewski.pl\/index.php?rest_route=\/wp\/v2\/pages"}],"about":[{"href":"https:\/\/patraszewski.pl\/index.php?rest_route=\/wp\/v2\/types\/page"}],"author":[{"embeddable":true,"href":"https:\/\/patraszewski.pl\/index.php?rest_route=\/wp\/v2\/users\/1"}],"replies":[{"embeddable":true,"href":"https:\/\/patraszewski.pl\/index.php?rest_route=%2Fwp%2Fv2%2Fcomments&post=2"}],"version-history":[{"count":5,"href":"https:\/\/patraszewski.pl\/index.php?rest_route=\/wp\/v2\/pages\/2\/revisions"}],"predecessor-version":[{"id":28,"href":"https:\/\/patraszewski.pl\/index.php?rest_route=\/wp\/v2\/pages\/2\/revisions\/28"}],"wp:attachment":[{"href":"https:\/\/patraszewski.pl\/index.php?rest_route=%2Fwp%2Fv2%2Fmedia&parent=2"}],"curies":[{"name":"wp","href":"https:\/\/api.w.org\/{rel}","templated":true}]}}